{"id":9681,"date":"2020-11-14T13:22:17","date_gmt":"2020-11-14T11:22:17","guid":{"rendered":"https:\/\/webstore4.com\/\/?product=yli-yad-121dt-veiligheidssensor-voor-op-bewegende-deuren-geschikt-voor-gebruik-met-automatische-deuropeners"},"modified":"2025-02-20T07:06:46","modified_gmt":"2025-02-20T06:06:46","slug":"yli-yad-121dt-veiligheidssensor","status":"publish","type":"product","link":"https:\/\/staging.webstore4.com\/de\/product\/yli-yad-121dt-veiligheidssensor\/","title":{"rendered":"YLI YAD-121DT Sicherheitssensor zum Bewegen von T\u00fcren, geeignet f\u00fcr den Einsatz mit automatischen T\u00fcr\u00f6ffnern"},"content":{"rendered":"<p>Der YLI YAD-121DT ist ein Sicherheitssensor f\u00fcr bewegliche (Karussell-)T\u00fcren und eignet sich f\u00fcr den Einsatz mit automatischen T\u00fcr\u00f6ffnern wie dem YLI YAD-200SW(PULL) und YLI YAD-200SW(PUSH).<br \/>\nDie YLI YAD-200SW(PULL) und YLI YAD-200SW(PUSH) k\u00f6nnen unter \u201eOptionen\u201c eingesehen werden.<\/p>\n<p>Wir empfehlen Ihnen, f\u00fcr die richtige Anwendung das Datenblatt\/Handbuch zu konsultieren, das unter der Registerkarte \u201eDokumentation\u201c enthalten ist.<\/p>\n<p><strong>Wichtigste Funktionen<\/strong><\/p>\n<ul>\n<li>Erkennt sich bewegende oder station\u00e4re Personen und Objekte<\/li>\n<li>Kann am beweglichen Teil montiert werden<\/li>\n<li>Netzteil nicht im Lieferumfang enthalten<\/li>\n<li>750 x 31 x 20 mm (gr\u00f6\u00dfere Gr\u00f6\u00dfen optional auf Anfrage erh\u00e4ltlich: 900 mm und 1200 mm)<\/li>\n<\/ul>\n<p><a href=\"https:\/\/www.webstore4ipcameras.nl\/Copyright\" target=\"_blank\" rel=\"noopener\"><span style=\"color: #ff6e03; font-size: 11px;\">\u00a9 Der Text ist urheberrechtlich gesch\u00fctzt<\/span><\/a><\/p>","protected":false},"excerpt":{"rendered":"<p>De YLI YAD-121DT is een veiligheidssensor voor op bewegende (draai)deuren en is geschikt voor gebruik met automatische deuropeners zoals\u00a0de YLI YAD-200SW(PULL) en\u00a0YLI YAD-200SW(PUSH). De YLI YAD-200SW(PULL) en YLI YAD-200SW(PUSH) kunnen worden bekeken onder &#8216;Opties&#8217;. Wij adviseren de datasheet\/handleiding, die is opgenomen onder het tabblad &#8216;Documentatie&#8217;, te raadplegen voor de juiste toepassing. Belangrijkste kenmerken Detecteert bewegende<\/p>\n<div class=\"klb-readmore button\"><a class=\"btn link\" href=\"https:\/\/staging.webstore4.com\/de\/product\/yli-yad-121dt-veiligheidssensor\/\">Mehr lesen <i class=\"klbth-icon-right-arrow\"><\/i><\/a><\/div>","protected":false},"featured_media":9682,"comment_status":"open","ping_status":"closed","template":"","meta":[],"pwb-brand":[3382],"product_cat":[4191,4197],"product_tag":[],"class_list":{"0":"post-9681","1":"product","2":"type-product","3":"status-publish","4":"has-post-thumbnail","6":"pwb-brand-yli","7":"product_cat-access","8":"product_cat-elektrische-sloten","9":"product_shipping_class-pakket","10":"pa_bewegingssensor-ja","11":"pa_garantie-2-jaar","12":"pa_merk-yli","13":"pa_montage-opbouw","14":"pa_omgeving-binnen","15":"pa_product-sensor","16":"pa_voeding-12vdc","17":"pa_voeding-24vdc","18":"pa_voeding-24vac","20":"first","21":"onbackorder","22":"taxable","23":"shipping-taxable","24":"purchasable","25":"product-type-simple"},"brands":[{"id":3382,"name":"YLI","slug":"yli"}],"_links":{"self":[{"href":"https:\/\/staging.webstore4.com\/de\/wp-json\/wp\/v2\/product\/9681","targetHints":{"allow":["GET"]}}],"collection":[{"href":"https:\/\/staging.webstore4.com\/de\/wp-json\/wp\/v2\/product"}],"about":[{"href":"https:\/\/staging.webstore4.com\/de\/wp-json\/wp\/v2\/types\/product"}],"replies":[{"embeddable":true,"href":"https:\/\/staging.webstore4.com\/de\/wp-json\/wp\/v2\/comments?post=9681"}],"wp:featuredmedia":[{"embeddable":true,"href":"https:\/\/staging.webstore4.com\/de\/wp-json\/wp\/v2\/media\/9682"}],"wp:attachment":[{"href":"https:\/\/staging.webstore4.com\/de\/wp-json\/wp\/v2\/media?parent=9681"}],"wp:term":[{"taxonomy":"pwb-brand","embeddable":true,"href":"https:\/\/staging.webstore4.com\/de\/wp-json\/wp\/v2\/pwb-brand?post=9681"},{"taxonomy":"product_cat","embeddable":true,"href":"https:\/\/staging.webstore4.com\/de\/wp-json\/wp\/v2\/product_cat?post=9681"},{"taxonomy":"product_tag","embeddable":true,"href":"https:\/\/staging.webstore4.com\/de\/wp-json\/wp\/v2\/product_tag?post=9681"}],"curies":[{"name":"wp","href":"https:\/\/api.w.org\/{rel}","templated":true}]}}