{"id":9701,"date":"2020-11-15T18:17:04","date_gmt":"2020-11-15T16:17:04","guid":{"rendered":"https:\/\/webstore4.com\/\/?product=wl4-wifi-hdmi-e50-draadloos-hdmi-over-wifi-2-4-en-5ghz-50-meter-1080p-full-hd"},"modified":"2024-04-19T15:12:17","modified_gmt":"2024-04-19T14:12:17","slug":"wl4-wifi-hdmi-e100-hdmi-zender-en-ontvanger","status":"publish","type":"product","link":"https:\/\/staging.webstore4.com\/de\/product\/wl4-wifi-hdmi-e100-hdmi-zender-en-ontvanger\/","title":{"rendered":"WL4 WIFI-HDMI-E100 kabelloser HDMI-Sender und -Empf\u00e4nger \u00fcber WLAN 2,4 und 5 GHz, 100 Meter, 1080p Full HD"},"content":{"rendered":"<p>De WL4 WIFI-HDMI-E50 is een professionele extender set waarmee een HDMI 1080p Full HD signaal draadloos kan worden verzonden over een afstand van maximaal 100 meter. De draadloze HDMI zender en ontvanger functioneert over WiFi 2.4 en 5.8 Ghz.<\/p>\n<p><strong>Wichtigste Funktionen<\/strong><\/p>\n<ul>\n<li>HDMI video en audio over WiFi maximaal 100 meter<\/li>\n<li>Maximal 1080p Full HD (1920\u00d71080@60HZ)<\/li>\n<li>Integrierte Technologie f\u00fcr ein stabiles und fl\u00fcssiges Bild und die richtige Bildgr\u00f6\u00dfe<\/li>\n<li>WiFi 2.4Ghz en 5.8Ghz<\/li>\n<li>Plug<\/li>\n<li>Enth\u00e4lt 2 Netzteile<\/li>\n<\/ul>\n<p><a href=\"https:\/\/www.webstore4ipcameras.nl\/Copyright\" target=\"_blank\" rel=\"noopener\"><span style=\"color: #ff6e03; font-size: 11px;\">\u00a9 Der Text ist urheberrechtlich gesch\u00fctzt<\/span><\/a><\/p>","protected":false},"excerpt":{"rendered":"<p>Das WL4 WIFI-HDMI-E50 ist ein professionelles Extender-Set, das die drahtlose \u00dcbertragung eines HDMI 1080p Full HD-Signals \u00fcber eine Entfernung von bis zu 50 Metern erm\u00f6glicht.<\/p>","protected":false},"featured_media":13140,"comment_status":"open","ping_status":"closed","template":"","meta":[],"pwb-brand":[3380],"product_cat":[3466,4194,3441,4195],"product_tag":[],"class_list":{"0":"post-9701","1":"product","2":"type-product","3":"status-publish","4":"has-post-thumbnail","6":"pwb-brand-wl4","7":"product_cat-alarm","8":"product_cat-audio","9":"product_cat-benodigdheden","10":"product_cat-monitors-audio","11":"product_shipping_class-pakket","12":"pa_merk-wl4","14":"first","15":"onbackorder","16":"taxable","17":"shipping-taxable","18":"purchasable","19":"product-type-simple"},"brands":[{"id":3380,"name":"WL4","slug":"wl4"}],"_links":{"self":[{"href":"https:\/\/staging.webstore4.com\/de\/wp-json\/wp\/v2\/product\/9701","targetHints":{"allow":["GET"]}}],"collection":[{"href":"https:\/\/staging.webstore4.com\/de\/wp-json\/wp\/v2\/product"}],"about":[{"href":"https:\/\/staging.webstore4.com\/de\/wp-json\/wp\/v2\/types\/product"}],"replies":[{"embeddable":true,"href":"https:\/\/staging.webstore4.com\/de\/wp-json\/wp\/v2\/comments?post=9701"}],"wp:featuredmedia":[{"embeddable":true,"href":"https:\/\/staging.webstore4.com\/de\/wp-json\/wp\/v2\/media\/13140"}],"wp:attachment":[{"href":"https:\/\/staging.webstore4.com\/de\/wp-json\/wp\/v2\/media?parent=9701"}],"wp:term":[{"taxonomy":"pwb-brand","embeddable":true,"href":"https:\/\/staging.webstore4.com\/de\/wp-json\/wp\/v2\/pwb-brand?post=9701"},{"taxonomy":"product_cat","embeddable":true,"href":"https:\/\/staging.webstore4.com\/de\/wp-json\/wp\/v2\/product_cat?post=9701"},{"taxonomy":"product_tag","embeddable":true,"href":"https:\/\/staging.webstore4.com\/de\/wp-json\/wp\/v2\/product_tag?post=9701"}],"curies":[{"name":"wp","href":"https:\/\/api.w.org\/{rel}","templated":true}]}}