{"id":9721,"date":"2020-12-12T19:32:08","date_gmt":"2020-12-12T17:32:08","guid":{"rendered":"https:\/\/webstore4.com\/\/?product=wl4-conv-12-230-500-omvormer-van-12vdc-naar-230vac-maximaal-500watt-met-usb-aansluiting"},"modified":"2024-04-19T15:12:24","modified_gmt":"2024-04-19T14:12:24","slug":"wl4-conv-12-230-500-omvormer","status":"publish","type":"product","link":"https:\/\/staging.webstore4.com\/de\/product\/wl4-conv-12-230-500-omvormer\/","title":{"rendered":"WL4 CONV-12-230-500 Wechselrichter von 12 VDC auf 230 VAC maximal 500 Watt mit USB-Anschluss"},"content":{"rendered":"<p>Der WL4 CONV-12-230-500 ist ein hochwertiger 12VDC auf 230VAC Wechselrichter mit einer maximalen Leistung von 500Watt (Spitzenleistung) und einem USB-Anschluss. Der Wechselrichter kann maximal 350 Watt Dauerleistung liefern.<\/p>\n<p>Der Wechselrichter kann beispielsweise auf einem Boot, Wohnmobil, Wohnwagen, Traktor, LKW, Auto usw. verwendet werden, um einen Standard-PoE-Switch oder einen Netzwerk-Videorecorder (NVR) mit Strom zu versorgen.<\/p>\n<p>Schlie\u00dfen Sie das Ger\u00e4t nicht an induktive und kapazitive Lasten an, wie zum Beispiel: Elektrowerkzeuge, Haushaltsger\u00e4te, Stromwandler, Pumpen usw. Hierf\u00fcr eignet sich der WL4 CONV-12-230-2000.<\/p>\n<p><strong>Wichtigste Funktionen<\/strong><\/p>\n<ul>\n<li>Eingang 10,5 \u2013 15,5 VDC<\/li>\n<li>Ausgang 225 \u2013 235 VAC und 5 VDC USB<\/li>\n<li>Maximaler Eingang 46 Ampere<\/li>\n<li>Maximal 500 Watt Spitzenleistung und 350 Watt Dauerleistung<\/li>\n<li>\u00dcberlast-, \u00dcberhitzungs- und Kurzschlussschutz<\/li>\n<\/ul>\n<p><a href=\"https:\/\/www.webstore4ipcameras.nl\/Copyright\" target=\"_blank\" rel=\"noopener\"><span style=\"color: #ff6e03; font-size: 11px;\">\u00a9 Der Text ist urheberrechtlich gesch\u00fctzt<\/span><\/a><\/p>","protected":false},"excerpt":{"rendered":"<p>De WL4 CONV-12-230-500 is een hoogwaardige 12VDC naar 230VAC omvormer met\u00a0maximaal 500Watt (piek vermogen) uitgang en met een USB aansluiting. De omvormer kan maximaal 350Watt conitinu vermogen leveren. De omvormer kan worden gebruikt op bijvoorbeeld een boot, camper, caravan, tractor, vrachtwagen, auto etc om een standaard PoE switch of Netwerk Video Recorder (NVR) te voeden.<\/p>\n<div class=\"klb-readmore button\"><a class=\"btn link\" href=\"https:\/\/staging.webstore4.com\/de\/product\/wl4-conv-12-230-500-omvormer\/\">Mehr lesen <i class=\"klbth-icon-right-arrow\"><\/i><\/a><\/div>","protected":false},"featured_media":14370,"comment_status":"open","ping_status":"closed","template":"","meta":[],"pwb-brand":[3380],"product_cat":[4247,4336],"product_tag":[],"class_list":{"0":"post-9721","1":"product","2":"type-product","3":"status-publish","4":"has-post-thumbnail","6":"pwb-brand-wl4","7":"product_cat-duurzaamheid","8":"product_cat-omvormers","9":"product_shipping_class-pakket","10":"pa_garantie-2-year","11":"pa_merk-wl4","13":"first","14":"instock","15":"taxable","16":"shipping-taxable","17":"purchasable","18":"product-type-simple"},"brands":[{"id":3380,"name":"WL4","slug":"wl4"}],"_links":{"self":[{"href":"https:\/\/staging.webstore4.com\/de\/wp-json\/wp\/v2\/product\/9721","targetHints":{"allow":["GET"]}}],"collection":[{"href":"https:\/\/staging.webstore4.com\/de\/wp-json\/wp\/v2\/product"}],"about":[{"href":"https:\/\/staging.webstore4.com\/de\/wp-json\/wp\/v2\/types\/product"}],"replies":[{"embeddable":true,"href":"https:\/\/staging.webstore4.com\/de\/wp-json\/wp\/v2\/comments?post=9721"}],"wp:featuredmedia":[{"embeddable":true,"href":"https:\/\/staging.webstore4.com\/de\/wp-json\/wp\/v2\/media\/14370"}],"wp:attachment":[{"href":"https:\/\/staging.webstore4.com\/de\/wp-json\/wp\/v2\/media?parent=9721"}],"wp:term":[{"taxonomy":"pwb-brand","embeddable":true,"href":"https:\/\/staging.webstore4.com\/de\/wp-json\/wp\/v2\/pwb-brand?post=9721"},{"taxonomy":"product_cat","embeddable":true,"href":"https:\/\/staging.webstore4.com\/de\/wp-json\/wp\/v2\/product_cat?post=9721"},{"taxonomy":"product_tag","embeddable":true,"href":"https:\/\/staging.webstore4.com\/de\/wp-json\/wp\/v2\/product_tag?post=9721"}],"curies":[{"name":"wp","href":"https:\/\/api.w.org\/{rel}","templated":true}]}}