{"id":9773,"date":"2021-01-30T19:18:39","date_gmt":"2021-01-30T17:18:39","guid":{"rendered":"https:\/\/webstore4.com\/\/?product=wl4-mlgw-tui-kabel-set-voor-aluminium-truss-element-mast"},"modified":"2024-04-24T10:43:25","modified_gmt":"2024-04-24T09:43:25","slug":"wl4-mlgw-tui-kabel-set","status":"publish","type":"product","link":"https:\/\/staging.webstore4.com\/de\/product\/wl4-mlgw-tui-kabel-set\/","title":{"rendered":"WL4 MLGW Kabelsatz f\u00fcr Aluminium-Traversenelementmast"},"content":{"rendered":"<p>Der WL4 MLGW ist ein Kabelsatz f\u00fcr einen Aluminium-Element-Fachwerkmast. F\u00fcr mehr als 4 Elemente ist ein optionales Abspannseil-Set erforderlich. Die Abspannseile m\u00fcssen zwischen dem vierten und f\u00fcnften Mastelement montiert werden. Passende Fachwerkmasten finden Sie unter \u201eOptionen\u201c.<\/p>\n<p>Es ist darauf zu achten, dass am Ende der Abspannleine eine ausreichend starke Verankerung vorhanden ist. Die Kabel unterliegen Korrosion und sollten regelm\u00e4\u00dfig \u00fcberpr\u00fcft und bei Bedarf ausgetauscht werden. Die Bruchkraft eines neuen Sets betr\u00e4gt 800 kg pro Kabel. Das Anziehen des Spannwirbels sollte zu einer leichten Kabelspannung f\u00fchren (ca. 100 kg maximale Kraft).<br \/>\nEine zu gro\u00dfe Seilspannweite kann zu einer Verformung der Mastscharnierbasis oder einem Bruch der Gewinde an den Stahlhaken\/Ankern im Fundament f\u00fchren.<\/p>\n<p><strong>Wichtigste Funktionen<\/strong><\/p>\n<ul>\n<li>Abspannkabelsatz<\/li>\n<li>3x 12 Meter Kabel<\/li>\n<li>Kabeldurchmesser 5 mm<\/li>\n<li>Manschettenst\u00e4rke 8 mm<\/li>\n<\/ul>\n<p><a href=\"https:\/\/staging.webstore4.com\/Copyright\/\" target=\"_blank\" rel=\"noopener\"><span style=\"color: #ff6e03; font-size: 11px;\">\u00a9 Der Text ist urheberrechtlich gesch\u00fctzt<\/span><\/a><\/p>","protected":false},"excerpt":{"rendered":"<p>De WL4 MLGW is een tui kabel set voor aluminium element truss mast. Bij meer dan 4 elementen is een optionele tuidraad kit nodig. De tuidraden moeten worden gemonteerd tussen het vierde en vijfde mast element. Geschikte truss masten zijn opgenomen onder &#8216;Opties&#8217;. Er dient zelf te worden zorg gedragen te worden voor een voldoende<\/p>\n<div class=\"klb-readmore button\"><a class=\"btn link\" href=\"https:\/\/staging.webstore4.com\/de\/product\/wl4-mlgw-tui-kabel-set\/\">Mehr lesen <i class=\"klbth-icon-right-arrow\"><\/i><\/a><\/div>","protected":false},"featured_media":9774,"comment_status":"open","ping_status":"closed","template":"","meta":[],"pwb-brand":[3380],"product_cat":[4464,4469,4465],"product_tag":[],"class_list":{"0":"post-9773","1":"product","2":"type-product","3":"status-publish","4":"has-post-thumbnail","6":"pwb-brand-wl4","7":"product_cat-palen-en-masten","8":"product_cat-toebehoren","9":"product_cat-truss-masten","10":"product_shipping_class-pakket","11":"pa_merk-wl4","12":"pa_omgeving-binnen-en-buiten","14":"first","15":"instock","16":"taxable","17":"shipping-taxable","18":"purchasable","19":"product-type-simple"},"brands":[{"id":3380,"name":"WL4","slug":"wl4"}],"_links":{"self":[{"href":"https:\/\/staging.webstore4.com\/de\/wp-json\/wp\/v2\/product\/9773","targetHints":{"allow":["GET"]}}],"collection":[{"href":"https:\/\/staging.webstore4.com\/de\/wp-json\/wp\/v2\/product"}],"about":[{"href":"https:\/\/staging.webstore4.com\/de\/wp-json\/wp\/v2\/types\/product"}],"replies":[{"embeddable":true,"href":"https:\/\/staging.webstore4.com\/de\/wp-json\/wp\/v2\/comments?post=9773"}],"wp:featuredmedia":[{"embeddable":true,"href":"https:\/\/staging.webstore4.com\/de\/wp-json\/wp\/v2\/media\/9774"}],"wp:attachment":[{"href":"https:\/\/staging.webstore4.com\/de\/wp-json\/wp\/v2\/media?parent=9773"}],"wp:term":[{"taxonomy":"pwb-brand","embeddable":true,"href":"https:\/\/staging.webstore4.com\/de\/wp-json\/wp\/v2\/pwb-brand?post=9773"},{"taxonomy":"product_cat","embeddable":true,"href":"https:\/\/staging.webstore4.com\/de\/wp-json\/wp\/v2\/product_cat?post=9773"},{"taxonomy":"product_tag","embeddable":true,"href":"https:\/\/staging.webstore4.com\/de\/wp-json\/wp\/v2\/product_tag?post=9773"}],"curies":[{"name":"wp","href":"https:\/\/api.w.org\/{rel}","templated":true}]}}