{"id":9878,"date":"2021-06-08T13:40:04","date_gmt":"2021-06-08T11:40:04","guid":{"rendered":"https:\/\/webstore4.com\/\/?product=wl4-bdo-led-s-realistische-dummy-beveiligingscamera-voor-buiten-met-knipperende-led"},"modified":"2024-04-19T15:12:56","modified_gmt":"2024-04-19T14:12:56","slug":"wl4-bdo-led-s-realistische-dummy-beveiligingscamera","status":"publish","type":"product","link":"https:\/\/staging.webstore4.com\/de\/product\/wl4-bdo-led-s-realistische-dummy-beveiligingscamera\/","title":{"rendered":"WL4 BDO-LED-S realistische Dummy-\u00dcberwachungskamera f\u00fcr den Au\u00dfenbereich mit blinkender LED"},"content":{"rendered":"<p>Die WL4 BDO-LED-S ist eine realistische Dummy-\u00dcberwachungskamera. Dank der Aluminiumfarbe der WL4 BDO-LED-S ist die Fake-Kamera aus der Ferne nur schwer von einer echten Kamera zu unterscheiden. Der WL4 BDO-LED-S verf\u00fcgt \u00fcber eine funktionierende rot blinkende LED-Lampe, die mit 2x AAA-Batterien (nicht im Lieferumfang enthalten) betrieben wird. Mit der Halterung l\u00e4sst sich die Kameraattrappe einfach an der Wand befestigen.<\/p>\n<p><strong>Hauptmerkmale<\/strong><\/p>\n<ul>\n<li>Realistischer Look<\/li>\n<li>Plastik<\/li>\n<li>Rot blinkende LED-Lampe (2x AAA nicht im Lieferumfang enthalten)<\/li>\n<li>Leicht zusammenzubauen<\/li>\n<\/ul>\n<p><a href=\"https:\/\/staging.webstore4.com\/Copyright\/\" target=\"_blank\" rel=\"noopener\"><span style=\"color: #ff6e03; font-size: 11px;\">\u00a9 Der Text ist urheberrechtlich gesch\u00fctzt<\/span><\/a><\/p>","protected":false},"excerpt":{"rendered":"<p>Die WL4 BDO-LED-S ist eine realistische Dummy-\u00dcberwachungskamera. Dank der Aluminiumfarbe der WL4 BDO-LED-S ist die Fake-Kamera aus der Ferne nur schwer von einer echten Kamera zu unterscheiden. Der WL4 BDO-LED-S verf\u00fcgt \u00fcber eine funktionierende rot blinkende LED-Lampe, die mit 2x AAA-Batterien (nicht im Lieferumfang enthalten) betrieben wird. Mit der Halterung l\u00e4sst sich die Kameraattrappe einfach an der Wand befestigen.<\/p>\n<div class=\"klb-readmore button\"><a class=\"btn link\" href=\"https:\/\/staging.webstore4.com\/de\/product\/wl4-bdo-led-s-realistische-dummy-beveiligingscamera\/\">Mehr lesen <i class=\"klbth-icon-right-arrow\"><\/i><\/a><\/div>","protected":false},"featured_media":15073,"comment_status":"open","ping_status":"closed","template":"","meta":[],"pwb-brand":[3380],"product_cat":[3435,4184,4251],"product_tag":[],"class_list":{"0":"post-9878","1":"product","2":"type-product","3":"status-publish","4":"has-post-thumbnail","6":"pwb-brand-wl4","7":"product_cat-ip-cameras","8":"product_cat-cameras","9":"product_cat-dummy-cameras-cameras","10":"pa_merk-wl4","12":"first","13":"onbackorder","14":"taxable","15":"shipping-taxable","16":"purchasable","17":"product-type-simple"},"brands":[{"id":3380,"name":"WL4","slug":"wl4"}],"_links":{"self":[{"href":"https:\/\/staging.webstore4.com\/de\/wp-json\/wp\/v2\/product\/9878","targetHints":{"allow":["GET"]}}],"collection":[{"href":"https:\/\/staging.webstore4.com\/de\/wp-json\/wp\/v2\/product"}],"about":[{"href":"https:\/\/staging.webstore4.com\/de\/wp-json\/wp\/v2\/types\/product"}],"replies":[{"embeddable":true,"href":"https:\/\/staging.webstore4.com\/de\/wp-json\/wp\/v2\/comments?post=9878"}],"wp:featuredmedia":[{"embeddable":true,"href":"https:\/\/staging.webstore4.com\/de\/wp-json\/wp\/v2\/media\/15073"}],"wp:attachment":[{"href":"https:\/\/staging.webstore4.com\/de\/wp-json\/wp\/v2\/media?parent=9878"}],"wp:term":[{"taxonomy":"pwb-brand","embeddable":true,"href":"https:\/\/staging.webstore4.com\/de\/wp-json\/wp\/v2\/pwb-brand?post=9878"},{"taxonomy":"product_cat","embeddable":true,"href":"https:\/\/staging.webstore4.com\/de\/wp-json\/wp\/v2\/product_cat?post=9878"},{"taxonomy":"product_tag","embeddable":true,"href":"https:\/\/staging.webstore4.com\/de\/wp-json\/wp\/v2\/product_tag?post=9878"}],"curies":[{"name":"wp","href":"https:\/\/api.w.org\/{rel}","templated":true}]}}