{"id":9880,"date":"2021-06-10T13:25:09","date_gmt":"2021-06-10T11:25:09","guid":{"rendered":"https:\/\/webstore4.com\/\/?product=wl4-bdo-led-b-zwarte-realistische-dummy-beveiligingscamera-voor-buiten-met-knipperende-led"},"modified":"2024-04-19T15:12:57","modified_gmt":"2024-04-19T14:12:57","slug":"wl4-bdo-led-b-zwarte-dummy-beveiligingscamera","status":"publish","type":"product","link":"https:\/\/staging.webstore4.com\/de\/product\/wl4-bdo-led-b-zwarte-dummy-beveiligingscamera\/","title":{"rendered":"WL4 BDO-LED-B schwarze realistische Dummy-\u00dcberwachungskamera f\u00fcr den Au\u00dfenbereich mit blinkender LED"},"content":{"rendered":"<p>De WL4 BDO-LED-B is een zwarte realistische dummy beveiligingscamera. Dankzij de aluminium kleur van de WL4 BDO-LED-B is de nepcamera op afstand moeilijk van een echte camera te onderscheiden. De dummy camera heeft een werkende rood knipperende LED lamp die wordt gevoed door 2x AAA batterijen (niet meegeleverd). Door het knipperende licht worden indringers direct afgeschrikt.<\/p>\n<p>Die WL4 BDO-LED-B l\u00e4sst sich einfach an der Wand montieren.<\/p>\n<p><strong>Hauptmerkmale<\/strong><\/p>\n<ul>\n<li>Realistischer Look<\/li>\n<li>Plastik<\/li>\n<li>Rot blinkende LED-Lampe (2x AAA nicht im Lieferumfang enthalten)<\/li>\n<li>Leicht zusammenzubauen<\/li>\n<\/ul>\n<p><a href=\"https:\/\/www.webstore4ipcameras.nl\/Copyright\" target=\"_blank\" rel=\"noopener\"><span style=\"color: #ff6e03; font-size: 11px;\">\u00a9 Der Text ist urheberrechtlich gesch\u00fctzt<\/span><\/a><\/p>","protected":false},"excerpt":{"rendered":"<p>De WL4 BDO-LED-B is een zwarte realistische dummy beveiligingscamera. Dankzij de aluminium kleur van de WL4 BDO-LED-B is de nepcamera op afstand moeilijk van een echte camera te onderscheiden. De dummy camera heeft een werkende rood knipperende LED lamp die wordt gevoed door 2x AAA batterijen (niet meegeleverd). Door het knipperende licht worden indringers direct<\/p>\n<div class=\"klb-readmore button\"><a class=\"btn link\" href=\"https:\/\/staging.webstore4.com\/de\/product\/wl4-bdo-led-b-zwarte-dummy-beveiligingscamera\/\">Mehr lesen <i class=\"klbth-icon-right-arrow\"><\/i><\/a><\/div>","protected":false},"featured_media":9881,"comment_status":"open","ping_status":"closed","template":"","meta":[],"pwb-brand":[3380],"product_cat":[3435,4184,4251],"product_tag":[],"class_list":{"0":"post-9880","1":"product","2":"type-product","3":"status-publish","4":"has-post-thumbnail","6":"pwb-brand-wl4","7":"product_cat-ip-cameras","8":"product_cat-cameras","9":"product_cat-dummy-cameras-cameras","10":"product_shipping_class-pakket","11":"pa_merk-wl4","13":"first","14":"onbackorder","15":"taxable","16":"shipping-taxable","17":"purchasable","18":"product-type-simple"},"brands":[{"id":3380,"name":"WL4","slug":"wl4"}],"_links":{"self":[{"href":"https:\/\/staging.webstore4.com\/de\/wp-json\/wp\/v2\/product\/9880","targetHints":{"allow":["GET"]}}],"collection":[{"href":"https:\/\/staging.webstore4.com\/de\/wp-json\/wp\/v2\/product"}],"about":[{"href":"https:\/\/staging.webstore4.com\/de\/wp-json\/wp\/v2\/types\/product"}],"replies":[{"embeddable":true,"href":"https:\/\/staging.webstore4.com\/de\/wp-json\/wp\/v2\/comments?post=9880"}],"wp:featuredmedia":[{"embeddable":true,"href":"https:\/\/staging.webstore4.com\/de\/wp-json\/wp\/v2\/media\/9881"}],"wp:attachment":[{"href":"https:\/\/staging.webstore4.com\/de\/wp-json\/wp\/v2\/media?parent=9880"}],"wp:term":[{"taxonomy":"pwb-brand","embeddable":true,"href":"https:\/\/staging.webstore4.com\/de\/wp-json\/wp\/v2\/pwb-brand?post=9880"},{"taxonomy":"product_cat","embeddable":true,"href":"https:\/\/staging.webstore4.com\/de\/wp-json\/wp\/v2\/product_cat?post=9880"},{"taxonomy":"product_tag","embeddable":true,"href":"https:\/\/staging.webstore4.com\/de\/wp-json\/wp\/v2\/product_tag?post=9880"}],"curies":[{"name":"wp","href":"https:\/\/api.w.org\/{rel}","templated":true}]}}