{"id":9893,"date":"2021-06-16T14:45:26","date_gmt":"2021-06-16T12:45:26","guid":{"rendered":"https:\/\/webstore4.com\/\/?product=wl4-solar-kit-72b30-20-complete-zonne-energie-kit-met-12v-7-2ah-accu-snoer-30w-zonnepaneel-en-controller"},"modified":"2024-12-18T13:10:30","modified_gmt":"2024-12-18T12:10:30","slug":"wl4-solar-kit-72b30-20-zonne-energie-kit","status":"publish","type":"product","link":"https:\/\/staging.webstore4.com\/de\/product\/wl4-solar-kit-72b30-20-zonne-energie-kit\/","title":{"rendered":"WL4 SOLAR-KIT-72B30-20 komplettes Solarenergie-Set mit 12 V 7,2 Ah Batterie, Kabel, 30 W Solarpanel und Controller"},"content":{"rendered":"<p>De WL4 SOLAR-KIT-72B30-20 is een hoogwaardig complete zonne energie set bestaande uit een 12V 7.2Ah accu, 30W zonnepaneel, speciale kabels en connector en een 30A controller geschikt voor onder meer IP camera&#8217;s, een alarmsysteem, bewegingsdetector, caravan, camper, boot etc. De WL4 SOLAR-KIT-72B30-20 is een complete zonne-energie set voor het opwekken en opslaan van stroom voor producten die worden gevoed met 12VDC of 5V USB. Ingeval er 230VAC nodig is kan een converter (optioneel) worden opgenomen in het zonne-energie systeem.\u00a0De WL4 SOLAR-KIT-72B30-20 is ideaal voor gebruik op locaties waar geen stroomvoorziening aanwezig is.<\/p>\n<p>De kit bestaat uit een 30 watt zonnepaneel, 12VDC 7Ah accu, 30A controller met 12VDC en 5V USB uitgang, 5 meter kabel en een connector specifiek voor zonnepaneel systemen.<\/p>\n<p>Der im Kit enthaltene Controller verf\u00fcgt neben einem 12VDC-Ausgang auch \u00fcber einen 5VDC-USB-Ausgang, mit dem beispielsweise ein mobiler 4G-MIFI-Router mit Strom versorgt werden kann, sodass ein v\u00f6llig autonomes IP-Netzwerksystem erstellt werden kann: 4G-MiFi-Router f\u00fcr einen lokalen WiFi-Netzwerk und\/oder ein lokales kabelgebundenes Netzwerk \u00fcber den RJ45-Port am MiFi-Router und mit einer Internetverbindung \u00fcber 4G (SIM-Karte). Den 4G-MIFI-Router finden Sie unter der Registerkarte \u201eVerwandt\u201c. Unter der Registerkarte \u201eVerwandt\u201c ist ein vandalismussicherer Au\u00dfenschrank f\u00fcr die Installation der Batterie und des Controllers enthalten.<\/p>\n<p>F\u00fcr die Batterie gilt eine 6-monatige Garantie gegen Produktm\u00e4ngel und f\u00fcr die anderen Teile des Kits gilt eine 2-j\u00e4hrige Garantie.<\/p>\n<p>Wie lange ein Ger\u00e4t mit einer Solaranlage betrieben werden kann, h\u00e4ngt unter anderem vom Verbrauch des Ger\u00e4ts, der Umgebungstemperatur, der Anzahl der Tageslichtstunden und Lichtintensit\u00e4t, der Kapazit\u00e4t des Solarpanels und der Batterie ab. Liefert dieses Kit zu viel oder zu wenig Leistung? Wir haben in unserem Online-Shop auch weitere Sets sowie alle Einzelkomponenten, um eine komplette Solaranlage selbst zusammenzustellen.<\/p>\n<p><strong>Wichtige Funktionen<\/strong><\/p>\n<ul>\n<li>12VDC AGM accu met\u00a07200mA capaciteit (150x65x97.5mm)<\/li>\n<li>30 Watt zonnepaneel\u00a0510x430x30mm in aluminium frame<\/li>\n<li>30A PWM controller met\u00a02 x USB 5V\/2.5A\u00a0uitgang<\/li>\n<li>1 x 5 Meter 4,0 mm Kabel rot<\/li>\n<li>1 x 5 Meter 4,0 mm Kabel schwarz<\/li>\n<li>1 x MC4-Kabelstecker<\/li>\n<\/ul>\n<p><a href=\"https:\/\/www.webstore4ipcameras.nl\/Copyright\" target=\"_blank\" rel=\"noopener\"><span style=\"color: #ff6e03; font-size: 11px;\">\u00a9 Der Text ist urheberrechtlich gesch\u00fctzt<\/span><\/a><\/p>","protected":false},"excerpt":{"rendered":"<p>De WL4 SOLAR-KIT-72B30-20 is een hoogwaardig complete zonne energie set bestaande uit een 12V 7.2Ah accu, 30W zonnepaneel, speciale kabels en connector en een 30A controller geschikt voor onder meer IP camera&#8217;s, een alarmsysteem, bewegingsdetector, caravan, camper, boot etc. De WL4 SOLAR-KIT-72B30-20 is een complete zonne-energie set voor het opwekken en opslaan van stroom voor<\/p>\n<div class=\"klb-readmore button\"><a class=\"btn link\" href=\"https:\/\/staging.webstore4.com\/de\/product\/wl4-solar-kit-72b30-20-zonne-energie-kit\/\">Mehr lesen <i class=\"klbth-icon-right-arrow\"><\/i><\/a><\/div>","protected":false},"featured_media":14365,"comment_status":"open","ping_status":"closed","template":"","meta":[],"pwb-brand":[3380],"product_cat":[4247,4248],"product_tag":[],"class_list":{"0":"post-9893","1":"product","2":"type-product","3":"status-publish","4":"has-post-thumbnail","6":"pwb-brand-wl4","7":"product_cat-duurzaamheid","8":"product_cat-zonnepanelen","9":"product_shipping_class-pakket","10":"pa_ampereuur-7-2a","11":"pa_capaciteit-accu-7200mah","12":"pa_garantie-2-jaar","13":"pa_garantie-6-maanden","14":"pa_merk-wl4","15":"pa_product-complete-kit","16":"pa_type-controller-pwm","17":"pa_usb-uitgang-ja","18":"pa_wattage-zonnepaneel-30-watt","20":"first","21":"outofstock","22":"taxable","23":"shipping-taxable","24":"purchasable","25":"product-type-simple"},"brands":[{"id":3380,"name":"WL4","slug":"wl4"}],"_links":{"self":[{"href":"https:\/\/staging.webstore4.com\/de\/wp-json\/wp\/v2\/product\/9893","targetHints":{"allow":["GET"]}}],"collection":[{"href":"https:\/\/staging.webstore4.com\/de\/wp-json\/wp\/v2\/product"}],"about":[{"href":"https:\/\/staging.webstore4.com\/de\/wp-json\/wp\/v2\/types\/product"}],"replies":[{"embeddable":true,"href":"https:\/\/staging.webstore4.com\/de\/wp-json\/wp\/v2\/comments?post=9893"}],"wp:featuredmedia":[{"embeddable":true,"href":"https:\/\/staging.webstore4.com\/de\/wp-json\/wp\/v2\/media\/14365"}],"wp:attachment":[{"href":"https:\/\/staging.webstore4.com\/de\/wp-json\/wp\/v2\/media?parent=9893"}],"wp:term":[{"taxonomy":"pwb-brand","embeddable":true,"href":"https:\/\/staging.webstore4.com\/de\/wp-json\/wp\/v2\/pwb-brand?post=9893"},{"taxonomy":"product_cat","embeddable":true,"href":"https:\/\/staging.webstore4.com\/de\/wp-json\/wp\/v2\/product_cat?post=9893"},{"taxonomy":"product_tag","embeddable":true,"href":"https:\/\/staging.webstore4.com\/de\/wp-json\/wp\/v2\/product_tag?post=9893"}],"curies":[{"name":"wp","href":"https:\/\/api.w.org\/{rel}","templated":true}]}}