{"id":9957,"date":"2021-07-08T16:28:13","date_gmt":"2021-07-08T14:28:13","guid":{"rendered":"https:\/\/webstore4.com\/\/?product=wl4-u-mount-jp52-w-universele-witte-montage-opbouwdoos-voor-cameras-van-verschillende-merken-voor-binnen-en-buiten"},"modified":"2024-06-24T16:14:26","modified_gmt":"2024-06-24T15:14:26","slug":"wl4-u-mount-jp52-w-witte-montage-opbouwdoos","status":"publish","type":"product","link":"https:\/\/staging.webstore4.com\/de\/product\/wl4-u-mount-jp52-w-witte-montage-opbouwdoos\/","title":{"rendered":"WL4 U-MOUNT-JP52-W universelle wei\u00dfe Aufputzdose f\u00fcr Kameras verschiedener Marken f\u00fcr den Innen- und Au\u00dfenbereich"},"content":{"rendered":"<p>Die WL4 U-MOUNT-JP52-W ist eine universelle Aufputzmontagedose aus wei\u00dfem Kunststoff f\u00fcr \u00dcberwachungskameras. Die Montagedose kann im Innen- und Au\u00dfenbereich eingesetzt werden und eignet sich ideal zum sicheren Verbergen von Kabeln und Anschl\u00fcssen. Der Montagekasten verf\u00fcgt \u00fcber Verschraubungen f\u00fcr zus\u00e4tzliche Wasserdichtigkeit und eine integrierte Wasserwaage f\u00fcr die gerade Montage. Die Montagebox kann f\u00fcr alle Marken und Arten von Kameras verwendet werden, wie z. B. Hikvision, Dahua, Safire, Nivian, Ezviz, Uniview, Axis, Mobotix, Samsung, Bosch, Foscam, FLIR, Pelco, Sony und viele andere Sicherheitskameramarken. S. Mit dem mitgelieferten Deckel kann die Anschlussbox komplett verschlossen werden.<\/p>\n<p>Die universelle Aufputzdose verf\u00fcgt \u00fcber 4 Befestigungspunkte zur Montage an der Wand oder Decke.<\/p>\n<p>M\u00f6gliche Kameradurchmesser:<\/p>\n<ul>\n<li>\u00d8 55mm<\/li>\n<li>\u00d8 70mm<\/li>\n<li>\u00d8 84mm<\/li>\n<li>\u00d8 101mm<\/li>\n<\/ul>\n<p><strong>Wichtige Funktionen<\/strong><\/p>\n<ul>\n<li>Universal<\/li>\n<li>Plastik<\/li>\n<li>Kann drinnen und drau\u00dfen verwendet werden<\/li>\n<li>Viele verschiedene Montagem\u00f6glichkeiten und Kombinationen<\/li>\n<li>145x145x50mm<\/li>\n<\/ul>\n<p><a href=\"https:\/\/www.webstore4ipcameras.nl\/Copyright\" target=\"_blank\" rel=\"noopener\"><span style=\"color: #ff6e03; font-size: 11px;\">\u00a9 Der Text ist urheberrechtlich gesch\u00fctzt<\/span><\/a><\/p>","protected":false},"excerpt":{"rendered":"<p>De WL4 U-MOUNT-JP52-W is een universele witte kunststof montage opbouwdoos voor bewakingscamera&#8217;s. De montage box is binnen en buiten te gebruiken en ideaal voor het veilig wegwerken van kabels en connectoren. De montage box heeft wartels voor extra waterdichtheid en een ingebouwde waterpas voor de rechte montage. De montagebox is te gebruiken voor alle merken<\/p>\n<div class=\"klb-readmore button\"><a class=\"btn link\" href=\"https:\/\/staging.webstore4.com\/de\/product\/wl4-u-mount-jp52-w-witte-montage-opbouwdoos\/\">Mehr lesen <i class=\"klbth-icon-right-arrow\"><\/i><\/a><\/div>","protected":false},"featured_media":9958,"comment_status":"open","ping_status":"closed","template":"","meta":[],"pwb-brand":[3380],"product_cat":[4620],"product_tag":[],"class_list":{"0":"post-9957","1":"product","2":"type-product","3":"status-publish","4":"has-post-thumbnail","6":"pwb-brand-wl4","7":"product_cat-camera-toebehoren","8":"product_shipping_class-pakket","9":"pa_kleur-wit","10":"pa_materiaal-kunststof","11":"pa_merk-wl4","12":"pa_montage-opbouw","13":"pa_omgeving-binnen-en-buiten","14":"pa_product-montagebox","16":"first","17":"instock","18":"taxable","19":"shipping-taxable","20":"purchasable","21":"product-type-simple"},"brands":[{"id":3380,"name":"WL4","slug":"wl4"}],"_links":{"self":[{"href":"https:\/\/staging.webstore4.com\/de\/wp-json\/wp\/v2\/product\/9957","targetHints":{"allow":["GET"]}}],"collection":[{"href":"https:\/\/staging.webstore4.com\/de\/wp-json\/wp\/v2\/product"}],"about":[{"href":"https:\/\/staging.webstore4.com\/de\/wp-json\/wp\/v2\/types\/product"}],"replies":[{"embeddable":true,"href":"https:\/\/staging.webstore4.com\/de\/wp-json\/wp\/v2\/comments?post=9957"}],"wp:featuredmedia":[{"embeddable":true,"href":"https:\/\/staging.webstore4.com\/de\/wp-json\/wp\/v2\/media\/9958"}],"wp:attachment":[{"href":"https:\/\/staging.webstore4.com\/de\/wp-json\/wp\/v2\/media?parent=9957"}],"wp:term":[{"taxonomy":"pwb-brand","embeddable":true,"href":"https:\/\/staging.webstore4.com\/de\/wp-json\/wp\/v2\/pwb-brand?post=9957"},{"taxonomy":"product_cat","embeddable":true,"href":"https:\/\/staging.webstore4.com\/de\/wp-json\/wp\/v2\/product_cat?post=9957"},{"taxonomy":"product_tag","embeddable":true,"href":"https:\/\/staging.webstore4.com\/de\/wp-json\/wp\/v2\/product_tag?post=9957"}],"curies":[{"name":"wp","href":"https:\/\/api.w.org\/{rel}","templated":true}]}}