{"id":9995,"date":"2021-08-04T13:08:44","date_gmt":"2021-08-04T11:08:44","guid":{"rendered":"https:\/\/webstore4.com\/\/?product=wl4-sp-a-165w-165-watt-9-27a-zonnepaneel-in-aluminium-frame"},"modified":"2024-06-21T13:18:32","modified_gmt":"2024-06-21T12:18:32","slug":"wl4-sp-a-165w-165-watt-9-27a-zonnepaneel","status":"publish","type":"product","link":"https:\/\/staging.webstore4.com\/de\/product\/wl4-sp-a-165w-165-watt-9-27a-zonnepaneel\/","title":{"rendered":"WL4 SP-A-165W 165 Watt 9,27A Solarpanel im Aluminiumrahmen"},"content":{"rendered":"<p>Das WL4 SP-A-165W ist ein 165-Watt-Solarpanel. Der WL4 SP-A-165W liefert maximal 9,27 Ah und 17,8 VDC und ist in einem stabilen Aluminiumrahmen untergebracht, so dass er sich nicht verbiegt. Das Panel darf nicht w\u00e4rmer als 80 Grad Celsius werden. Daher ist es wichtig, dass f\u00fcr eine ausreichende K\u00fchlung, beispielsweise durch Bel\u00fcftung, gesorgt ist.<\/p>\n<p>Aan de WL4\u00a0SP-A-165W zitten 2 kabels van 55cm met beide een helft van een m4 connector, 1x male en 1x female. Voor het aasnluiten op kabels is nog 1x een volledige M4 connector nodig. De geschikte M4 connector is te vinden onder het tabblad &#8221;Gerelateerd&#8221;.<\/p>\n<p>Wie lange ein Ger\u00e4t mit einer Solaranlage betrieben werden kann, h\u00e4ngt unter anderem vom Verbrauch des Ger\u00e4ts, der Umgebungstemperatur, der Anzahl der Tageslichtstunden und Lichtintensit\u00e4t, der Kapazit\u00e4t des Solarpanels und der Batterie ab. Liefert dieses Solarpanel zu viel oder zu wenig Strom? Dar\u00fcber hinaus haben wir in unserem Online-Shop weitere Solarmodule und Komplettsets sowie alle Einzelkomponenten, um eine komplette Solaranlage selbst zusammenzustellen.<\/p>\n<p><strong>Wichtige Funktionen<\/strong><\/p>\n<ul>\n<li>165 Watt Solarpanel 1480x670x35 im Aluminiumrahmen<\/li>\n<li>1x M4-Stecker (1x Stecker und 1x Buchse)<\/li>\n<li>Polykristalline Zellen<\/li>\n<li>Maximal 9,27 A<\/li>\n<li>Maximal 17,8 VDC<\/li>\n<\/ul>\n<p><a href=\"https:\/\/www.webstore4ipcameras.nl\/Copyright\" target=\"_blank\" rel=\"noopener\"><span style=\"color: #ff6e03; font-size: 11px;\">\u00a9 Der Text ist urheberrechtlich gesch\u00fctzt<\/span><\/a><\/p>","protected":false},"excerpt":{"rendered":"<p>De WL4 SP-A-165W is een 165 watt zonnepaneel. De WL4 SP-A-165W levert maximaal 9.27Ah en 17.8VDC en zit in een stevig aluminium frame waardoor deze niet buigt.Het paneel mag niet warmer worden dan 80 graden Celcius. Het is dus van belang dat er voldoende koeling door bijvoorbeeld ventilatie is. Aan de WL4\u00a0SP-A-165W zitten 2 kabels<\/p>\n<div class=\"klb-readmore button\"><a class=\"btn link\" href=\"https:\/\/staging.webstore4.com\/de\/product\/wl4-sp-a-165w-165-watt-9-27a-zonnepaneel\/\">Mehr lesen <i class=\"klbth-icon-right-arrow\"><\/i><\/a><\/div>","protected":false},"featured_media":14414,"comment_status":"open","ping_status":"closed","template":"","meta":[],"pwb-brand":[3380],"product_cat":[4247,4248],"product_tag":[],"class_list":{"0":"post-9995","1":"product","2":"type-product","3":"status-publish","4":"has-post-thumbnail","6":"pwb-brand-wl4","7":"product_cat-duurzaamheid","8":"product_cat-zonnepanelen","9":"product_shipping_class-pakket","10":"pa_ampereuur-9-27a","11":"pa_garantie-2-year","12":"pa_merk-wl4","13":"pa_product-zonnepaneel","14":"pa_wattage-zonnepaneel-165-watt","16":"first","17":"instock","18":"sold-individually","19":"taxable","20":"shipping-taxable","21":"purchasable","22":"product-type-simple"},"brands":[{"id":3380,"name":"WL4","slug":"wl4"}],"_links":{"self":[{"href":"https:\/\/staging.webstore4.com\/de\/wp-json\/wp\/v2\/product\/9995","targetHints":{"allow":["GET"]}}],"collection":[{"href":"https:\/\/staging.webstore4.com\/de\/wp-json\/wp\/v2\/product"}],"about":[{"href":"https:\/\/staging.webstore4.com\/de\/wp-json\/wp\/v2\/types\/product"}],"replies":[{"embeddable":true,"href":"https:\/\/staging.webstore4.com\/de\/wp-json\/wp\/v2\/comments?post=9995"}],"wp:featuredmedia":[{"embeddable":true,"href":"https:\/\/staging.webstore4.com\/de\/wp-json\/wp\/v2\/media\/14414"}],"wp:attachment":[{"href":"https:\/\/staging.webstore4.com\/de\/wp-json\/wp\/v2\/media?parent=9995"}],"wp:term":[{"taxonomy":"pwb-brand","embeddable":true,"href":"https:\/\/staging.webstore4.com\/de\/wp-json\/wp\/v2\/pwb-brand?post=9995"},{"taxonomy":"product_cat","embeddable":true,"href":"https:\/\/staging.webstore4.com\/de\/wp-json\/wp\/v2\/product_cat?post=9995"},{"taxonomy":"product_tag","embeddable":true,"href":"https:\/\/staging.webstore4.com\/de\/wp-json\/wp\/v2\/product_tag?post=9995"}],"curies":[{"name":"wp","href":"https:\/\/api.w.org\/{rel}","templated":true}]}}