{"id":7918,"date":"2018-01-21T02:37:54","date_gmt":"2018-01-21T00:37:54","guid":{"rendered":"https:\/\/webstore4.com\/\/?product=dahua-lr1002-1ec-single-port-long-reach-ethernet-over-coax-eoc-extender-receiver"},"modified":"2024-04-19T15:04:28","modified_gmt":"2024-04-19T14:04:28","slug":"dahua-lr1002-1ec-single-port-long-reach-ethernet-over-coax-eoc-extender-receiver","status":"publish","type":"product","link":"https:\/\/staging.webstore4.com\/en\/dahua-lr1002-1ec-single-port-long-reach-ethernet-over-coax-eoc-extender-receiver\/","title":{"rendered":"Dahua LR1002-1EC Single-Port Long Reach Ethernet over Coax EoC Extender receiver"},"content":{"rendered":"<p>The Dahua LR1002-1EC is a Single-Port Long Reach Ethernet over Coax EoC Extender receiver for use of IP cameras over analog coaxial cable. Dahua LR1002-1EC supports both PoE and ePoE.<br \/>\nThe receiver is equipped with one RJ45 port and makes it possible to transmit power over long distances.<\/p>\n<p>The data sheet and link to the manufacturer&#039;s product page are included under the &#039;Documentation&#039; tab. All options are included in this documentation. The receiver and a combination product are also included under &#039;Options&#039;.<\/p>\n<p><strong>Most important features<\/strong><\/p>\n<ul>\n<li>Coaxial EoC Extender receiver<\/li>\n<li>One RJ45 port<\/li>\n<\/ul>\n<p><a href=\"https:\/\/staging.webstore4.com\/Copyright\/\" target=\"_blank\" rel=\"noopener\"><span style=\"color: #ff6e03; font-size: 11px;\">\u00a9 Text is protected by copyright<\/span><\/a><\/p>","protected":false},"excerpt":{"rendered":"<p>De Dahua LR1002-1EC is een Single-Port Long Reach Ethernet over Coax EoC Extender ontvanger voor gebruik van IP camera&#8217;s over analoge coax kabel. Dahua LR1002-1EC ondersteund zowel PoE als ePoE. De receiver is uitgerust met \u00e9\u00e9n RJ45 poort en maakt het mogelijk om transmissie van voeding over lange afstand te cre\u00ebren. Onder het tabblad &#8216;Documentatie&#8217;<\/p>\n<div class=\"klb-readmore button\"><a class=\"btn link\" href=\"https:\/\/staging.webstore4.com\/en\/dahua-lr1002-1ec-single-port-long-reach-ethernet-over-coax-eoc-extender-receiver\/\">Read More <i class=\"klbth-icon-right-arrow\"><\/i><\/a><\/div>","protected":false},"featured_media":15517,"comment_status":"open","ping_status":"closed","template":"","meta":[],"pwb-brand":[3376],"product_cat":[3440,4188],"product_tag":[],"class_list":{"0":"post-7918","1":"product","2":"type-product","3":"status-publish","4":"has-post-thumbnail","6":"pwb-brand-dahua","7":"product_cat-netwerk","8":"product_cat-poe","9":"product_shipping_class-pakket","10":"pa_merk-dahua","12":"first","13":"instock","14":"taxable","15":"shipping-taxable","16":"purchasable","17":"product-type-simple"},"brands":[{"id":3376,"name":"Dahua","slug":"dahua"}],"_links":{"self":[{"href":"https:\/\/staging.webstore4.com\/en\/wp-json\/wp\/v2\/product\/7918","targetHints":{"allow":["GET"]}}],"collection":[{"href":"https:\/\/staging.webstore4.com\/en\/wp-json\/wp\/v2\/product"}],"about":[{"href":"https:\/\/staging.webstore4.com\/en\/wp-json\/wp\/v2\/types\/product"}],"replies":[{"embeddable":true,"href":"https:\/\/staging.webstore4.com\/en\/wp-json\/wp\/v2\/comments?post=7918"}],"wp:featuredmedia":[{"embeddable":true,"href":"https:\/\/staging.webstore4.com\/en\/wp-json\/wp\/v2\/media\/15517"}],"wp:attachment":[{"href":"https:\/\/staging.webstore4.com\/en\/wp-json\/wp\/v2\/media?parent=7918"}],"wp:term":[{"taxonomy":"pwb-brand","embeddable":true,"href":"https:\/\/staging.webstore4.com\/en\/wp-json\/wp\/v2\/pwb-brand?post=7918"},{"taxonomy":"product_cat","embeddable":true,"href":"https:\/\/staging.webstore4.com\/en\/wp-json\/wp\/v2\/product_cat?post=7918"},{"taxonomy":"product_tag","embeddable":true,"href":"https:\/\/staging.webstore4.com\/en\/wp-json\/wp\/v2\/product_tag?post=7918"}],"curies":[{"name":"wp","href":"https:\/\/api.w.org\/{rel}","templated":true}]}}